{"id":185,"date":"2019-01-07T09:31:38","date_gmt":"2019-01-07T09:31:38","guid":{"rendered":"http:\/\/icr.icom.cust.oxymium.net\/who-we-are\/fundacion-de-la-icr\/"},"modified":"2019-01-07T09:35:53","modified_gmt":"2019-01-07T09:35:53","slug":"fundacion-de-la-icr","status":"publish","type":"page","link":"https:\/\/icr.mini.icom.museum\/es\/bienvenidos\/fundacion-de-la-icr\/","title":{"rendered":"Fundaci\u00f3n de la ICR"},"content":{"rendered":"<div id=\"RTE_CONTENT\"> <!--TYPO3SEARCH_begin--> \t<!--  CONTENT ELEMENT, uid:9332\/text [begin] --> \t\t<\/p>\n<div id=\"c9332\"> \t\t<!--  Header: [begin] --> \t\t\t<\/p>\n<h2>Historia del ICR<\/h2>\n<p> \t\t<!--  Header: [end] --> \t\t\t \t\t<!--  Text: [begin] --> \t\t\t<\/p>\n<p>La trayectoria del ICR es la historia de gente llena de ideales y compromiso pero tambi\u00e9n de reuniones alrededor del mundo.<\/p>\n<ul>\n<li>\u00bfSabe algo m\u00e1s sobre la historia del ICR? Por favor, cu\u00e9ntenos.<\/li>\n<li>Miembros de <a href=\"\/icr\/bienvenidos\/junta\/formerboardmembers\/L\/1\/\" title=\"Abre el enlace interno en la ventana actual\">juntas directivas pasadas<\/a> <\/li>\n<li>Personas y l\u00edderes detr\u00e1s del trabajo oficial del ICR. <\/li>\n<li>\u00bfSabe algo m\u00e1s sobre estas personas?<\/li>\n<\/ul>\n<h3>Historia del ICR<\/h3>\n<p>Actualmente estamos escribiendo la historia del ICR. Por favor, visite esta secci\u00f3n nuevamente.\u00a0 No obstante, aqu\u00ed presentamos un resumen:<br \/>1953 o 1954: El\u00a0 Comit\u00e9\u00a0 internacional\u00a0 de\u00a0\u00a0 museos\u00a0 regionales\u00a0 se\u00a0 funda\u00a0 como \u201cComit\u00e9 de museos locales\u201d<br \/>1954: La 1\u00aa Conferencia anual del nuevo comit\u00e9 tiene lugar del 7 al 9 de julio en Schaffhausen, Suiza.<br \/>1960: En la reuni\u00f3n anual del Comit\u00e9 en Belgrado y Plitvice, Yugoslavia, del 18 al 30 de septiembre, el Comit\u00e9 cambia su nombre a \u201cComit\u00e9 de museos regionales y especializados del ICOM\u201d.<br \/>1962: En la 6\u00aa Conferencia general del ICOM en La Haya, Pa\u00edses Bajos, del 4 al 11 de julio, el Comit\u00e9 cambia su nombre a \u201cComit\u00e9 internacional de museos regionales \u2013 ICR\u201d el cual sigue vigente. <br \/>1974: Se reorganiza el ICR durante la 10\u00aa Conferencia General en Copenhague, Dinamarca. Para ello y a fin de establecer su programa de actividades, la Junta directiva se re\u00fane en agosto en Conventry, Reino Unido.<br \/>1978: La Junta directiva de ICR determina los roles internos del Comit\u00e9 y la edici\u00f3n de un bolet\u00edn informativo del ICR. En ese momento el ICR ten\u00eda 17 miembros ordinarios y 13 observadores.<br \/>1981: Se publica el folleto <i>Contribuciones al trabajo de los museos regionales<\/i>.<br \/>1986: Durante la 14\u00aa Conferencia General en Buenos Aires, Argentina, del 26 de octubre al 4 de noviembre, el ICR discute el tema Museos regionales y ecomuseos. Una idea era cambiar el nombre del ICR al de \u201cComit\u00e9 internacional de museos regionales y ecomuseos\u201d, lo que se discute en el Consejo ejecutivo del ICOM el 31 de marzo de 1987. <br \/>John Age Gjestrum, miembro del ICR, se pone en contacto con Pierre Mayrand de una organizaci\u00f3n afiliada llamada Movimiento internacional para una nueva museolog\u00eda (MINOM) para hacer una consulta al respecto. Como resultado, en 1990 se realiza una reuni\u00f3n en Portugal. El nuevo nombre nunca se adopta.<br \/>Tambi\u00e9n en 1986 se crea un grupo de ICR en America Latina. Su l\u00edder es Luz Mar\u00eda de Colombres. John Aage Gjestrum coordina al equipo del bolet\u00edn informativo. <br \/>El logotipo con la imagen de una catarina o mariquita se crea e imprime.<br \/>Harmut Prasch se convierte en el editor del bolet\u00edn ICR News.<br \/>1999: ICR publica el folleto La acreditaci\u00f3n de museos. Una prueba de calidad para los museos.<br \/>2005: Heimo Kaindl, quien tambi\u00e9n era editor del bolet\u00edn del ICR, redise\u00f1a la imagen del ICR con un nuevo logotipo, una p\u00e1gina de Internet y un bolet\u00edn. La Junta directiva decide publicar el bolet\u00edn \u00fanicamente en soporte digital. Se dise\u00f1a e imprime un nuevo folleto del ICR.<br \/>2006: El ICR lleva a cabo su reuni\u00f3n anual en Islandia .siendo el primer comit\u00e9 internacional del ICOM que lo hace en dicho pa\u00eds.<br \/>La 21\u00aa Conferencia anual en Viena, Austria, es la reuni\u00f3n con mayor n\u00famero de participantes, provenientes de todas partes del mundo. El ICR tiene una reuni\u00f3n en conjunto con el Comit\u00e9 internacional de museos y colecciones etnogr\u00e1ficas (ICME). <\/p>\n<p>El ICR produce un DVD promocional de su trayectoria y actividades, recopilado por Heimo Kaindl.<\/p>\n<p> \t\t<!--  Text: [end] --> \t\t\t   \t<!--  \t\tBEGIN: Content of extension \"hpo_relatedlink\", plugin \"tx_hporelatedlink_pi1\"  \t--> \t<\/p>\n<div> \t\t \t<\/div>\n<p> \t \t<!-- END: Content of extension \"hpo_relatedlink\", plugin \"tx_hporelatedlink_pi1\" -->  \t<\/div>\n<p> \t<!--  CONTENT ELEMENT, uid:9332\/text [end] --> \t\t<!--TYPO3SEARCH_end--> <\/div>\n","protected":false},"excerpt":{"rendered":"<p>Historia del ICR La trayectoria del ICR es la historia de gente llena de ideales y compromiso pero tambi\u00e9n de reuniones alrededor del mundo. \u00bfSabe algo m\u00e1s sobre la historia del ICR? Por favor, cu\u00e9ntenos. Miembros de juntas directivas pasadas Personas y l\u00edderes detr\u00e1s del trabajo oficial del ICR. \u00bfSabe algo m\u00e1s sobre estas personas? [&hellip;]<\/p>\n","protected":false},"author":1,"featured_media":0,"parent":135,"menu_order":4,"comment_status":"closed","ping_status":"closed","template":"","meta":{"footnotes":""},"yst_prominent_words":[],"acf":[],"_links":{"self":[{"href":"https:\/\/icr.mini.icom.museum\/es\/wp-json\/wp\/v2\/pages\/185"}],"collection":[{"href":"https:\/\/icr.mini.icom.museum\/es\/wp-json\/wp\/v2\/pages"}],"about":[{"href":"https:\/\/icr.mini.icom.museum\/es\/wp-json\/wp\/v2\/types\/page"}],"author":[{"embeddable":true,"href":"https:\/\/icr.mini.icom.museum\/es\/wp-json\/wp\/v2\/users\/1"}],"replies":[{"embeddable":true,"href":"https:\/\/icr.mini.icom.museum\/es\/wp-json\/wp\/v2\/comments?post=185"}],"version-history":[{"count":1,"href":"https:\/\/icr.mini.icom.museum\/es\/wp-json\/wp\/v2\/pages\/185\/revisions"}],"predecessor-version":[{"id":556,"href":"https:\/\/icr.mini.icom.museum\/es\/wp-json\/wp\/v2\/pages\/185\/revisions\/556"}],"up":[{"embeddable":true,"href":"https:\/\/icr.mini.icom.museum\/es\/wp-json\/wp\/v2\/pages\/135"}],"wp:attachment":[{"href":"https:\/\/icr.mini.icom.museum\/es\/wp-json\/wp\/v2\/media?parent=185"}],"wp:term":[{"taxonomy":"yst_prominent_words","embeddable":true,"href":"https:\/\/icr.mini.icom.museum\/es\/wp-json\/wp\/v2\/yst_prominent_words?post=185"}],"curies":[{"name":"wp","href":"https:\/\/api.w.org\/{rel}","templated":true}]}}