{"id":153,"date":"2019-01-07T09:31:25","date_gmt":"2019-01-07T09:31:25","guid":{"rendered":"http:\/\/icr.icom.cust.oxymium.net\/who-we-are\/mision\/"},"modified":"2019-01-07T09:35:53","modified_gmt":"2019-01-07T09:35:53","slug":"mision","status":"publish","type":"page","link":"https:\/\/icr.mini.icom.museum\/es\/bienvenidos\/mision\/","title":{"rendered":"Misi\u00f3n"},"content":{"rendered":"<div id=\"RTE_CONTENT\"> <!--TYPO3SEARCH_begin--> \t<!--  CONTENT ELEMENT, uid:7447\/textpic [begin] --> \t\t<\/p>\n<div id=\"c7447\"> \t\t<!--  Image block: [begin] --> \t\t\t<\/p>\n<div>\n<div><img decoding=\"async\" src=\"http:\/\/icr.mini.icom.museum\/wp-content\/uploads\/sites\/21\/2019\/01\/IoM02_01.gif\" alt=\"\"><\/div>\n<div> \t\t<!--  Text: [begin] --> \t\t\t<\/p>\n<h3>Visi\u00f3n<\/h3>\n<p>Una sociedad democr\u00e1tica donde los museos sean foros para la comprensi\u00f3n humana, a trav\u00e9s del uso responsable del patrimonio natural y cultural, presente y futuro, tangible e intangible.<\/p>\n<h3>Misi\u00f3n<\/h3>\n<p>ICR es un comit\u00e9 internacional del ICOM, que promueve el desarrollo de los museos regionales para el beneficio de sus comunidades estableciendo un foro de comunicaci\u00f3n, cooperaci\u00f3n e intercambio de informaci\u00f3n entre museos, profesionales y organizaciones.<\/p>\n<h3>Definiciones<\/h3>\n<p><b>Patrimonio<\/b>: Cultural y natural, es una pieza \u00fatil para la comprensi\u00f3n del hombre y la sociedad actuales. Pertenece a la humanidad.<br \/><b>Museo<\/b>: El ICR se apega a la definici\u00f3n de museos del ICOM y al C\u00f3digo de deontolog\u00eda del ICOM para los museos para promover el desarrollo de los museos regionales, mayormente a trav\u00e9s de actividades y publicaciones internacionales e interdisciplinarias<br \/><b>Red internacional<\/b>: El ICR cree en que se aprende al compartir y en los enfoques que van m\u00e1s all\u00e1 de las fronteras (geogr\u00e1ficas, acad\u00e9micas, profesionales, culturales, organizacionales) como requisitos para intercambios\u00a0 mutuamente ben\u00e9ficos\u00a0 de habilidades, experiencias e ideas. <\/p>\n<p>Para m\u00e1s informaci\u00f3n, descargue el folleto del ICR. Si est\u00e1 interesad@ en adquirir el folleto impreso para informar a colegas regionales o nacionales de su museo sobre el ICR, por favor contacte a Otto Lohr al correo <a href=\"mailto:otto.lohr@blfd.bayern.de\" title=\"Abre una ventana para enviar un correo electr\u00f3nico\">otto.lohr@blfd.bayern.de<\/a>.<\/p>\n<p> \t\t<!--  Text: [end] --> \t\t\t<\/div>\n<\/p><\/div>\n<div><!-- --><\/div>\n<p> \t\t<!--  Image block: [end] --> \t\t\t   \t<!--  \t\tBEGIN: Content of extension \"hpo_relatedlink\", plugin \"tx_hporelatedlink_pi1\"  \t--> \t<\/p>\n<div> \t\t \t<\/div>\n<p> \t \t<!-- END: Content of extension \"hpo_relatedlink\", plugin \"tx_hporelatedlink_pi1\" -->  \t<\/div>\n<p> \t<!--  CONTENT ELEMENT, uid:7447\/textpic [end] --> \t\t<!--TYPO3SEARCH_end--> <\/div>\n","protected":false},"excerpt":{"rendered":"<p>Visi\u00f3n Una sociedad democr\u00e1tica donde los museos sean foros para la comprensi\u00f3n humana, a trav\u00e9s del uso responsable del patrimonio natural y cultural, presente y futuro, tangible e intangible. Misi\u00f3n ICR es un comit\u00e9 internacional del ICOM, que promueve el desarrollo de los museos regionales para el beneficio de sus comunidades estableciendo un foro de [&hellip;]<\/p>\n","protected":false},"author":1,"featured_media":0,"parent":135,"menu_order":1,"comment_status":"closed","ping_status":"closed","template":"","meta":{"footnotes":""},"yst_prominent_words":[],"acf":[],"_links":{"self":[{"href":"https:\/\/icr.mini.icom.museum\/es\/wp-json\/wp\/v2\/pages\/153"}],"collection":[{"href":"https:\/\/icr.mini.icom.museum\/es\/wp-json\/wp\/v2\/pages"}],"about":[{"href":"https:\/\/icr.mini.icom.museum\/es\/wp-json\/wp\/v2\/types\/page"}],"author":[{"embeddable":true,"href":"https:\/\/icr.mini.icom.museum\/es\/wp-json\/wp\/v2\/users\/1"}],"replies":[{"embeddable":true,"href":"https:\/\/icr.mini.icom.museum\/es\/wp-json\/wp\/v2\/comments?post=153"}],"version-history":[{"count":1,"href":"https:\/\/icr.mini.icom.museum\/es\/wp-json\/wp\/v2\/pages\/153\/revisions"}],"predecessor-version":[{"id":559,"href":"https:\/\/icr.mini.icom.museum\/es\/wp-json\/wp\/v2\/pages\/153\/revisions\/559"}],"up":[{"embeddable":true,"href":"https:\/\/icr.mini.icom.museum\/es\/wp-json\/wp\/v2\/pages\/135"}],"wp:attachment":[{"href":"https:\/\/icr.mini.icom.museum\/es\/wp-json\/wp\/v2\/media?parent=153"}],"wp:term":[{"taxonomy":"yst_prominent_words","embeddable":true,"href":"https:\/\/icr.mini.icom.museum\/es\/wp-json\/wp\/v2\/yst_prominent_words?post=153"}],"curies":[{"name":"wp","href":"https:\/\/api.w.org\/{rel}","templated":true}]}}